{"id":3140,"date":"2021-06-04T18:49:54","date_gmt":"2021-06-04T18:49:54","guid":{"rendered":"https:\/\/lamilashes.ee\/?post_type=product&#038;p=3140"},"modified":"2024-03-03T23:08:19","modified_gmt":"2024-03-03T21:08:19","slug":"thuya-taupe-grey","status":"publish","type":"product","link":"https:\/\/oshop.ee\/en\/product\/thuya-taupe-grey\/","title":{"rendered":"THUYA TAUPE GREY"},"content":{"rendered":"<p>Kulmude ja ripsmete varjund. Professionaalseks kasutamiseks.<\/p>\n<p>K\u00f5lblikkusaeg p\u00e4rast avamist on 12 kuud. Hoida pimedas kohas. Kaas peab olema kindlalt suletud. Soovitatav kasutada koos Thuya Professional Line oks\u00fcdeerijaga<\/p>\n<p>T\u00e4helepanu! Toote oks\u00fcdeerumise ja riknemise v\u00e4ltimiseks on vaja v\u00e4rvilt eemaldada kaitser\u00f5ngas.<\/p>\n","protected":false},"excerpt":{"rendered":"<p>Thuya &#8211; kulmude ja ripsmete toon, 14 ml<\/p>\n<p>color taupe grey<\/p>\n<p>Taupe Grey toon on ideaalne v\u00e4rv blondide, helepruunide v\u00f5i tuhaste juuste toonide jaoksTHUYA Professional Line on tuntud oma rikkaliku koostise poolest, mis soodustab juuste kasvu: KERATIN, ARGAANI\u00d5LI, ALOE VERA, A-, B1-, B6- ja B12-vitamiinid, C- ja E-vitamiinid, foolhape ja niatsiin, mineraalid ja paljud toitained.<\/p>\n<p>&nbsp;<\/p>\n","protected":false},"featured_media":3135,"comment_status":"open","ping_status":"closed","template":"","meta":{"_acf_changed":false},"product_brand":[],"product_cat":[65,64],"product_tag":[],"class_list":{"0":"post-3140","1":"product","2":"type-product","3":"status-publish","4":"has-post-thumbnail","6":"product_cat-brows","7":"product_cat-lashes","9":"first","10":"instock","11":"shipping-taxable","12":"purchasable","13":"product-type-simple"},"acf":[],"yoast_head":"<!-- This site is optimized with the Yoast SEO plugin v25.9 - https:\/\/yoast.com\/wordpress\/plugins\/seo\/ -->\n<title>THUYA TAUPE GREY - Oshop<\/title>\n<meta name=\"robots\" content=\"index, follow, max-snippet:-1, max-image-preview:large, max-video-preview:-1\" \/>\n<link rel=\"canonical\" href=\"https:\/\/oshop.ee\/en\/product\/thuya-taupe-grey\/\" \/>\n<meta property=\"og:locale\" content=\"en_US\" \/>\n<meta property=\"og:type\" content=\"article\" \/>\n<meta property=\"og:title\" content=\"THUYA TAUPE GREY - Oshop\" \/>\n<meta property=\"og:description\" content=\"Thuya - kulmude ja ripsmete toon, 14 ml  color taupe grey  Taupe Grey toon on ideaalne v\u00e4rv blondide, helepruunide v\u00f5i tuhaste juuste toonide jaoksTHUYA Professional Line on tuntud oma rikkaliku koostise poolest, mis soodustab juuste kasvu: KERATIN, ARGAANI\u00d5LI, ALOE VERA, A-, B1-, B6- ja B12-vitamiinid, C- ja E-vitamiinid, foolhape ja niatsiin, mineraalid ja paljud toitained.  &nbsp;\" \/>\n<meta property=\"og:url\" content=\"https:\/\/oshop.ee\/en\/product\/thuya-taupe-grey\/\" \/>\n<meta property=\"og:site_name\" content=\"Oshop\" \/>\n<meta property=\"article:modified_time\" content=\"2024-03-03T21:08:19+00:00\" \/>\n<meta property=\"og:image\" content=\"https:\/\/oshop.ee\/wp-content\/uploads\/2021\/06\/C692B645-0D24-4544-B0AC-F350CBB9B19F.jpeg\" \/>\n\t<meta property=\"og:image:width\" content=\"900\" \/>\n\t<meta property=\"og:image:height\" content=\"900\" \/>\n\t<meta property=\"og:image:type\" content=\"image\/jpeg\" \/>\n<meta name=\"twitter:card\" content=\"summary_large_image\" \/>\n<meta name=\"twitter:label1\" content=\"Est. reading time\" \/>\n\t<meta name=\"twitter:data1\" content=\"1 minute\" \/>\n<script type=\"application\/ld+json\" class=\"yoast-schema-graph\">{\"@context\":\"https:\/\/schema.org\",\"@graph\":[{\"@type\":\"WebPage\",\"@id\":\"https:\/\/oshop.ee\/en\/product\/thuya-taupe-grey\/\",\"url\":\"https:\/\/oshop.ee\/en\/product\/thuya-taupe-grey\/\",\"name\":\"THUYA TAUPE GREY - Oshop\",\"isPartOf\":{\"@id\":\"https:\/\/oshop.ee\/#website\"},\"primaryImageOfPage\":{\"@id\":\"https:\/\/oshop.ee\/en\/product\/thuya-taupe-grey\/#primaryimage\"},\"image\":{\"@id\":\"https:\/\/oshop.ee\/en\/product\/thuya-taupe-grey\/#primaryimage\"},\"thumbnailUrl\":\"https:\/\/oshop.ee\/wp-content\/uploads\/2021\/06\/C692B645-0D24-4544-B0AC-F350CBB9B19F.jpeg\",\"datePublished\":\"2021-06-04T18:49:54+00:00\",\"dateModified\":\"2024-03-03T21:08:19+00:00\",\"breadcrumb\":{\"@id\":\"https:\/\/oshop.ee\/en\/product\/thuya-taupe-grey\/#breadcrumb\"},\"inLanguage\":\"en-US\",\"potentialAction\":[{\"@type\":\"ReadAction\",\"target\":[\"https:\/\/oshop.ee\/en\/product\/thuya-taupe-grey\/\"]}]},{\"@type\":\"ImageObject\",\"inLanguage\":\"en-US\",\"@id\":\"https:\/\/oshop.ee\/en\/product\/thuya-taupe-grey\/#primaryimage\",\"url\":\"https:\/\/oshop.ee\/wp-content\/uploads\/2021\/06\/C692B645-0D24-4544-B0AC-F350CBB9B19F.jpeg\",\"contentUrl\":\"https:\/\/oshop.ee\/wp-content\/uploads\/2021\/06\/C692B645-0D24-4544-B0AC-F350CBB9B19F.jpeg\",\"width\":900,\"height\":900},{\"@type\":\"BreadcrumbList\",\"@id\":\"https:\/\/oshop.ee\/en\/product\/thuya-taupe-grey\/#breadcrumb\",\"itemListElement\":[{\"@type\":\"ListItem\",\"position\":1,\"name\":\"Home\",\"item\":\"https:\/\/oshop.ee\/en\/\"},{\"@type\":\"ListItem\",\"position\":2,\"name\":\"Pood\",\"item\":\"https:\/\/oshop.ee\/pood\/\"},{\"@type\":\"ListItem\",\"position\":3,\"name\":\"THUYA TAUPE GREY\"}]},{\"@type\":\"WebSite\",\"@id\":\"https:\/\/oshop.ee\/#website\",\"url\":\"https:\/\/oshop.ee\/\",\"name\":\"Oshop\",\"description\":\"Professional lash and brow lifting cosmetics\",\"potentialAction\":[{\"@type\":\"SearchAction\",\"target\":{\"@type\":\"EntryPoint\",\"urlTemplate\":\"https:\/\/oshop.ee\/?s={search_term_string}\"},\"query-input\":{\"@type\":\"PropertyValueSpecification\",\"valueRequired\":true,\"valueName\":\"search_term_string\"}}],\"inLanguage\":\"en-US\"}]}<\/script>\n<!-- \/ Yoast SEO plugin. -->","yoast_head_json":{"title":"THUYA TAUPE GREY - Oshop","robots":{"index":"index","follow":"follow","max-snippet":"max-snippet:-1","max-image-preview":"max-image-preview:large","max-video-preview":"max-video-preview:-1"},"canonical":"https:\/\/oshop.ee\/en\/product\/thuya-taupe-grey\/","og_locale":"en_US","og_type":"article","og_title":"THUYA TAUPE GREY - Oshop","og_description":"Thuya - kulmude ja ripsmete toon, 14 ml  color taupe grey  Taupe Grey toon on ideaalne v\u00e4rv blondide, helepruunide v\u00f5i tuhaste juuste toonide jaoksTHUYA Professional Line on tuntud oma rikkaliku koostise poolest, mis soodustab juuste kasvu: KERATIN, ARGAANI\u00d5LI, ALOE VERA, A-, B1-, B6- ja B12-vitamiinid, C- ja E-vitamiinid, foolhape ja niatsiin, mineraalid ja paljud toitained.  &nbsp;","og_url":"https:\/\/oshop.ee\/en\/product\/thuya-taupe-grey\/","og_site_name":"Oshop","article_modified_time":"2024-03-03T21:08:19+00:00","og_image":[{"width":900,"height":900,"url":"https:\/\/oshop.ee\/wp-content\/uploads\/2021\/06\/C692B645-0D24-4544-B0AC-F350CBB9B19F.jpeg","type":"image\/jpeg"}],"twitter_card":"summary_large_image","twitter_misc":{"Est. reading time":"1 minute"},"schema":{"@context":"https:\/\/schema.org","@graph":[{"@type":"WebPage","@id":"https:\/\/oshop.ee\/en\/product\/thuya-taupe-grey\/","url":"https:\/\/oshop.ee\/en\/product\/thuya-taupe-grey\/","name":"THUYA TAUPE GREY - Oshop","isPartOf":{"@id":"https:\/\/oshop.ee\/#website"},"primaryImageOfPage":{"@id":"https:\/\/oshop.ee\/en\/product\/thuya-taupe-grey\/#primaryimage"},"image":{"@id":"https:\/\/oshop.ee\/en\/product\/thuya-taupe-grey\/#primaryimage"},"thumbnailUrl":"https:\/\/oshop.ee\/wp-content\/uploads\/2021\/06\/C692B645-0D24-4544-B0AC-F350CBB9B19F.jpeg","datePublished":"2021-06-04T18:49:54+00:00","dateModified":"2024-03-03T21:08:19+00:00","breadcrumb":{"@id":"https:\/\/oshop.ee\/en\/product\/thuya-taupe-grey\/#breadcrumb"},"inLanguage":"en-US","potentialAction":[{"@type":"ReadAction","target":["https:\/\/oshop.ee\/en\/product\/thuya-taupe-grey\/"]}]},{"@type":"ImageObject","inLanguage":"en-US","@id":"https:\/\/oshop.ee\/en\/product\/thuya-taupe-grey\/#primaryimage","url":"https:\/\/oshop.ee\/wp-content\/uploads\/2021\/06\/C692B645-0D24-4544-B0AC-F350CBB9B19F.jpeg","contentUrl":"https:\/\/oshop.ee\/wp-content\/uploads\/2021\/06\/C692B645-0D24-4544-B0AC-F350CBB9B19F.jpeg","width":900,"height":900},{"@type":"BreadcrumbList","@id":"https:\/\/oshop.ee\/en\/product\/thuya-taupe-grey\/#breadcrumb","itemListElement":[{"@type":"ListItem","position":1,"name":"Home","item":"https:\/\/oshop.ee\/en\/"},{"@type":"ListItem","position":2,"name":"Pood","item":"https:\/\/oshop.ee\/pood\/"},{"@type":"ListItem","position":3,"name":"THUYA TAUPE GREY"}]},{"@type":"WebSite","@id":"https:\/\/oshop.ee\/#website","url":"https:\/\/oshop.ee\/","name":"Oshop","description":"Professional lash and brow lifting cosmetics","potentialAction":[{"@type":"SearchAction","target":{"@type":"EntryPoint","urlTemplate":"https:\/\/oshop.ee\/?s={search_term_string}"},"query-input":{"@type":"PropertyValueSpecification","valueRequired":true,"valueName":"search_term_string"}}],"inLanguage":"en-US"}]}},"_links":{"self":[{"href":"https:\/\/oshop.ee\/en\/wp-json\/wp\/v2\/product\/3140","targetHints":{"allow":["GET"]}}],"collection":[{"href":"https:\/\/oshop.ee\/en\/wp-json\/wp\/v2\/product"}],"about":[{"href":"https:\/\/oshop.ee\/en\/wp-json\/wp\/v2\/types\/product"}],"replies":[{"embeddable":true,"href":"https:\/\/oshop.ee\/en\/wp-json\/wp\/v2\/comments?post=3140"}],"wp:featuredmedia":[{"embeddable":true,"href":"https:\/\/oshop.ee\/en\/wp-json\/wp\/v2\/media\/3135"}],"wp:attachment":[{"href":"https:\/\/oshop.ee\/en\/wp-json\/wp\/v2\/media?parent=3140"}],"wp:term":[{"taxonomy":"product_brand","embeddable":true,"href":"https:\/\/oshop.ee\/en\/wp-json\/wp\/v2\/product_brand?post=3140"},{"taxonomy":"product_cat","embeddable":true,"href":"https:\/\/oshop.ee\/en\/wp-json\/wp\/v2\/product_cat?post=3140"},{"taxonomy":"product_tag","embeddable":true,"href":"https:\/\/oshop.ee\/en\/wp-json\/wp\/v2\/product_tag?post=3140"}],"curies":[{"name":"wp","href":"https:\/\/api.w.org\/{rel}","templated":true}]}}